{"id":1084,"date":"2025-04-17T21:20:08","date_gmt":"2025-04-17T21:20:08","guid":{"rendered":"https:\/\/cabinetbouallal.com\/?page_id=1084"},"modified":"2025-04-17T21:45:58","modified_gmt":"2025-04-17T21:45:58","slug":"pharmacie-de-garde-tanger","status":"publish","type":"page","link":"https:\/\/cabinetbouallal.com\/fr\/pharmacie-de-garde-tanger\/","title":{"rendered":"pharmacie de garde tanger"},"content":{"rendered":"<div data-elementor-type=\"wp-page\" data-elementor-id=\"1084\" class=\"elementor elementor-1084\">\n\t\t\t\t\t\t<section class=\"elementor-section elementor-top-section elementor-element elementor-element-6d76761 elementor-section-boxed elementor-section-height-default elementor-section-height-default\" data-id=\"6d76761\" data-element_type=\"section\" data-e-type=\"section\">\n\t\t\t\t\t\t<div class=\"elementor-container elementor-column-gap-default\">\n\t\t\t\t\t<div class=\"elementor-column elementor-col-100 elementor-top-column elementor-element elementor-element-7454709\" data-id=\"7454709\" data-element_type=\"column\" data-e-type=\"column\">\n\t\t\t<div class=\"elementor-widget-wrap elementor-element-populated\">\n\t\t\t\t\t\t<div class=\"elementor-element elementor-element-964624b elementor-widget elementor-widget-heading\" data-id=\"964624b\" data-element_type=\"widget\" data-e-type=\"widget\" data-widget_type=\"heading.default\">\n\t\t\t\t<div class=\"elementor-widget-container\">\n\t\t\t\t\t<h1 class=\"elementor-heading-title elementor-size-default\"><a href=\"https:\/\/pharmaciedegardetanger.site\/\">Pharmacie de garde Tanger <\/a><\/h1>\t\t\t\t<\/div>\n\t\t\t\t<\/div>\n\t\t\t\t\t<\/div>\n\t\t<\/div>\n\t\t\t\t\t<\/div>\n\t\t<\/section>\n\t\t\t\t<section class=\"elementor-section elementor-top-section elementor-element elementor-element-b2060c4 elementor-section-boxed elementor-section-height-default elementor-section-height-default\" data-id=\"b2060c4\" data-element_type=\"section\" data-e-type=\"section\">\n\t\t\t\t\t\t<div class=\"elementor-container elementor-column-gap-default\">\n\t\t\t\t\t<div class=\"elementor-column elementor-col-100 elementor-top-column elementor-element elementor-element-5675214\" data-id=\"5675214\" data-element_type=\"column\" data-e-type=\"column\">\n\t\t\t<div class=\"elementor-widget-wrap elementor-element-populated\">\n\t\t\t\t\t\t<div class=\"elementor-element elementor-element-10bd9e8 elementor-widget elementor-widget-text-editor\" data-id=\"10bd9e8\" data-element_type=\"widget\" data-e-type=\"widget\" data-widget_type=\"text-editor.default\">\n\t\t\t\t<div class=\"elementor-widget-container\">\n\t\t\t\t\t\t\t\t\t<p class=\"\" data-start=\"683\" data-end=\"878\">Vous cherchez une pharmacie de garde \u00e0 Tanger ouverte la nuit, le dimanche ou les jours f\u00e9ri\u00e9s ? <a href=\"https:\/\/pharmaciedegardetanger.site\/\">www.pharmaciedegardetanger.site<\/a> vous aide \u00e0 trouver rapidement les pharmacies ouvertes en cas d\u2019urgence m\u00e9dicale.<\/p><p class=\"\" data-start=\"880\" data-end=\"1113\"><a href=\"https:\/\/pharmaciedegardetanger.site\/\">pharmacie de garde tanger<\/a> mettons \u00e0 jour quotidiennement la liste des pharmacies de garde \u00e0 Tanger pour vous offrir une information fiable et accessible 24h\/24 .<\/p>\t\t\t\t\t\t\t\t<\/div>\n\t\t\t\t<\/div>\n\t\t\t\t\t<\/div>\n\t\t<\/div>\n\t\t\t\t\t<\/div>\n\t\t<\/section>\n\t\t\t\t<section class=\"elementor-section elementor-top-section elementor-element elementor-element-b461726 elementor-section-boxed elementor-section-height-default elementor-section-height-default\" data-id=\"b461726\" data-element_type=\"section\" data-e-type=\"section\">\n\t\t\t\t\t\t<div class=\"elementor-container elementor-column-gap-default\">\n\t\t\t\t\t<div class=\"elementor-column elementor-col-100 elementor-top-column elementor-element elementor-element-9062668\" data-id=\"9062668\" data-element_type=\"column\" data-e-type=\"column\">\n\t\t\t<div class=\"elementor-widget-wrap elementor-element-populated\">\n\t\t\t\t\t\t<div class=\"elementor-element elementor-element-ecce423 elementor-widget elementor-widget-image\" data-id=\"ecce423\" data-element_type=\"widget\" data-e-type=\"widget\" data-widget_type=\"image.default\">\n\t\t\t\t<div class=\"elementor-widget-container\">\n\t\t\t\t\t\t\t\t\t\t\t\t\t\t\t<img fetchpriority=\"high\" decoding=\"async\" width=\"512\" height=\"512\" src=\"https:\/\/cabinetbouallal.com\/wp-content\/uploads\/2025\/04\/pharmacie-de-garde-tanger.png\" class=\"attachment-large size-large wp-image-1087\" alt=\"pharmacie de gadre tanger\" srcset=\"https:\/\/cabinetbouallal.com\/wp-content\/uploads\/2025\/04\/pharmacie-de-garde-tanger.png 512w, https:\/\/cabinetbouallal.com\/wp-content\/uploads\/2025\/04\/pharmacie-de-garde-tanger-300x300.png 300w, https:\/\/cabinetbouallal.com\/wp-content\/uploads\/2025\/04\/pharmacie-de-garde-tanger-150x150.png 150w, https:\/\/cabinetbouallal.com\/wp-content\/uploads\/2025\/04\/pharmacie-de-garde-tanger-12x12.png 12w\" sizes=\"(max-width: 512px) 100vw, 512px\" \/>\t\t\t\t\t\t\t\t\t\t\t\t\t\t\t<\/div>\n\t\t\t\t<\/div>\n\t\t\t\t\t<\/div>\n\t\t<\/div>\n\t\t\t\t\t<\/div>\n\t\t<\/section>\n\t\t\t\t<section class=\"elementor-section elementor-top-section elementor-element elementor-element-2967e87 elementor-section-boxed elementor-section-height-default elementor-section-height-default\" data-id=\"2967e87\" data-element_type=\"section\" data-e-type=\"section\">\n\t\t\t\t\t\t<div class=\"elementor-container elementor-column-gap-default\">\n\t\t\t\t\t<div class=\"elementor-column elementor-col-100 elementor-top-column elementor-element elementor-element-c2d39cd\" data-id=\"c2d39cd\" data-element_type=\"column\" data-e-type=\"column\">\n\t\t\t<div class=\"elementor-widget-wrap elementor-element-populated\">\n\t\t\t\t\t\t<div class=\"elementor-element elementor-element-b3eeb50 elementor-widget elementor-widget-text-editor\" data-id=\"b3eeb50\" data-element_type=\"widget\" data-e-type=\"widget\" data-widget_type=\"text-editor.default\">\n\t\t\t\t<div class=\"elementor-widget-container\">\n\t\t\t\t\t\t\t\t\t<p class=\"\" data-start=\"533\" data-end=\"671\"><strong data-start=\"533\" data-end=\"671\"><a href=\"https:\/\/pharmaciedegardetanger.site\/\">pharmacie de garde Tanger<\/a> propose un service rapide, s\u00fbr et fiable pour vous faire parvenir vos m\u00e9dicaments, o\u00f9 que vous soyez.<\/strong><\/p><p data-start=\"533\" data-end=\"671\"><a href=\"http:\/\/0645830024\/\" data-wplink-url-error=\"true\">0645830024<\/a><\/p><p class=\"\" data-start=\"673\" data-end=\"745\">\u00a0<\/p>\t\t\t\t\t\t\t\t<\/div>\n\t\t\t\t<\/div>\n\t\t\t\t\t<\/div>\n\t\t<\/div>\n\t\t\t\t\t<\/div>\n\t\t<\/section>\n\t\t\t\t<section class=\"elementor-section elementor-top-section elementor-element elementor-element-e14e464 elementor-section-boxed elementor-section-height-default elementor-section-height-default\" data-id=\"e14e464\" data-element_type=\"section\" data-e-type=\"section\">\n\t\t\t\t\t\t<div class=\"elementor-container elementor-column-gap-default\">\n\t\t\t\t\t<div class=\"elementor-column elementor-col-100 elementor-top-column elementor-element elementor-element-6856ca1\" data-id=\"6856ca1\" data-element_type=\"column\" data-e-type=\"column\">\n\t\t\t<div class=\"elementor-widget-wrap elementor-element-populated\">\n\t\t\t\t\t\t<div class=\"elementor-element elementor-element-8deda65 elementor-widget elementor-widget-heading\" data-id=\"8deda65\" data-element_type=\"widget\" data-e-type=\"widget\" data-widget_type=\"heading.default\">\n\t\t\t\t<div class=\"elementor-widget-container\">\n\t\t\t\t\t<h2 class=\"elementor-heading-title elementor-size-default\">pharmacie de garde tanger aujourd hui\n<\/h2>\t\t\t\t<\/div>\n\t\t\t\t<\/div>\n\t\t\t\t\t<\/div>\n\t\t<\/div>\n\t\t\t\t\t<\/div>\n\t\t<\/section>\n\t\t\t\t<section class=\"elementor-section elementor-top-section elementor-element elementor-element-2c2f5ef elementor-section-boxed elementor-section-height-default elementor-section-height-default\" data-id=\"2c2f5ef\" data-element_type=\"section\" data-e-type=\"section\">\n\t\t\t\t\t\t<div class=\"elementor-container elementor-column-gap-default\">\n\t\t\t\t\t<div class=\"elementor-column elementor-col-100 elementor-top-column elementor-element elementor-element-d3c7ff9\" data-id=\"d3c7ff9\" data-element_type=\"column\" data-e-type=\"column\">\n\t\t\t<div class=\"elementor-widget-wrap elementor-element-populated\">\n\t\t\t\t\t\t<div class=\"elementor-element elementor-element-aa75aa6 elementor-widget elementor-widget-text-editor\" data-id=\"aa75aa6\" data-element_type=\"widget\" data-e-type=\"widget\" data-widget_type=\"text-editor.default\">\n\t\t\t\t<div class=\"elementor-widget-container\">\n\t\t\t\t\t\t\t\t\t<p>Vous cherchez une pharmacie de garde \u00e0 Tanger ouverte aujourd hui la nuit, le dimanche ou les jours f\u00e9ri\u00e9s ? <a href=\"https:\/\/pharmaciedegardetanger.site\/\">www.pharmaciedegardetanger.site<\/a> vous aide \u00e0 trouver rapidement les pharmacies ouvertes aujoourd hui en cas d\u2019urgence m\u00e9dicale.<\/p>\t\t\t\t\t\t\t\t<\/div>\n\t\t\t\t<\/div>\n\t\t\t\t\t<\/div>\n\t\t<\/div>\n\t\t\t\t\t<\/div>\n\t\t<\/section>\n\t\t\t\t<section class=\"elementor-section elementor-top-section elementor-element elementor-element-ca8f3d8 elementor-section-boxed elementor-section-height-default elementor-section-height-default\" data-id=\"ca8f3d8\" data-element_type=\"section\" data-e-type=\"section\">\n\t\t\t\t\t\t<div class=\"elementor-container elementor-column-gap-default\">\n\t\t\t\t\t<div class=\"elementor-column elementor-col-100 elementor-top-column elementor-element elementor-element-cb31a25\" data-id=\"cb31a25\" data-element_type=\"column\" data-e-type=\"column\">\n\t\t\t<div class=\"elementor-widget-wrap elementor-element-populated\">\n\t\t\t\t\t\t<div class=\"elementor-element elementor-element-7b23af4 elementor-widget elementor-widget-heading\" data-id=\"7b23af4\" data-element_type=\"widget\" data-e-type=\"widget\" data-widget_type=\"heading.default\">\n\t\t\t\t<div class=\"elementor-widget-container\">\n\t\t\t\t\t<h3 class=\"elementor-heading-title elementor-size-default\">\u0635\u064a\u062f\u0644\u064a\u0629 \u0627\u0644\u062d\u0631\u0627\u0633\u0629 \u0637\u0646\u062c\u0629\n<\/h3>\t\t\t\t<\/div>\n\t\t\t\t<\/div>\n\t\t\t\t\t<\/div>\n\t\t<\/div>\n\t\t\t\t\t<\/div>\n\t\t<\/section>\n\t\t\t\t<section class=\"elementor-section elementor-top-section elementor-element elementor-element-bca9fc1 elementor-section-boxed elementor-section-height-default elementor-section-height-default\" data-id=\"bca9fc1\" data-element_type=\"section\" data-e-type=\"section\">\n\t\t\t\t\t\t<div class=\"elementor-container elementor-column-gap-default\">\n\t\t\t\t\t<div class=\"elementor-column elementor-col-100 elementor-top-column elementor-element elementor-element-8a8b427\" data-id=\"8a8b427\" data-element_type=\"column\" data-e-type=\"column\">\n\t\t\t<div class=\"elementor-widget-wrap elementor-element-populated\">\n\t\t\t\t\t\t<div class=\"elementor-element elementor-element-628f32d elementor-widget elementor-widget-heading\" data-id=\"628f32d\" data-element_type=\"widget\" data-e-type=\"widget\" data-widget_type=\"heading.default\">\n\t\t\t\t<div class=\"elementor-widget-container\">\n\t\t\t\t\t<h5 class=\"elementor-heading-title elementor-size-default\">\u0647\u0644 \u062a\u0628\u062d\u062b \u0639\u0646 \u0635\u064a\u062f\u0644\u064a\u0629 \u0627\u0644\u062d\u0631\u0627\u0633\u0629 \u0628\u0637\u0646\u062c\u0629\u061f<\/h5>\t\t\t\t<\/div>\n\t\t\t\t<\/div>\n\t\t\t\t\t<\/div>\n\t\t<\/div>\n\t\t\t\t\t<\/div>\n\t\t<\/section>\n\t\t\t\t<section class=\"elementor-section elementor-top-section elementor-element elementor-element-8efb573 elementor-section-boxed elementor-section-height-default elementor-section-height-default\" data-id=\"8efb573\" data-element_type=\"section\" data-e-type=\"section\">\n\t\t\t\t\t\t<div class=\"elementor-container elementor-column-gap-default\">\n\t\t\t\t\t<div class=\"elementor-column elementor-col-100 elementor-top-column elementor-element elementor-element-e1592ae\" data-id=\"e1592ae\" data-element_type=\"column\" data-e-type=\"column\">\n\t\t\t<div class=\"elementor-widget-wrap elementor-element-populated\">\n\t\t\t\t\t\t<div class=\"elementor-element elementor-element-7cad368 elementor-widget elementor-widget-text-editor\" data-id=\"7cad368\" data-element_type=\"widget\" data-e-type=\"widget\" data-widget_type=\"text-editor.default\">\n\t\t\t\t<div class=\"elementor-widget-container\">\n\t\t\t\t\t\t\t\t\t<p class=\"\" data-start=\"137\" data-end=\"595\">\u064a\u0642\u062f\u0645 \u0645\u0648\u0642\u0639\u00a0<b>\u00a0<a href=\"https:\/\/pharmaciedegardetanger.site\/\">\u0635\u064a\u062f\u0644\u064a\u0629 \u0645\u0646\u0627\u0648\u0628\u0629<\/a><\/b> \u062e\u062f\u0645\u0629 \u0645\u0645\u064a\u0632\u0629 \u0644\u0645\u0633\u0627\u0639\u062f\u062a\u0643 \u0641\u064a \u0627\u0644\u0639\u062b\u0648\u0631 \u0639\u0644\u0649 \u0623\u0642\u0631\u0628 \u0635\u064a\u062f\u0644\u064a\u0629 \u0645\u0646\u0627\u0648\u0628\u0629 \u0641\u064a \u0637\u0646\u062c\u0629\u060c \u0639\u0644\u0649 \u0645\u062f\u0627\u0631 \u0627\u0644\u0633\u0627\u0639\u0629 \u0648\u0637\u0648\u0627\u0644 \u0623\u064a\u0627\u0645 \u0627\u0644\u0623\u0633\u0628\u0648\u0639. \u0633\u0648\u0627\u0621 \u0643\u0646\u062a \u0628\u062d\u0627\u062c\u0629 \u0625\u0644\u0649 \u062f\u0648\u0627\u0621 \u0639\u0627\u062c\u0644 \u0623\u0648 \u0627\u0633\u062a\u0634\u0627\u0631\u0629 \u0633\u0631\u064a\u0639\u0629\u060c \u064a\u0648\u0641\u0631 \u0644\u0643 \u0627\u0644\u0645\u0648\u0642\u0639 \u0645\u0639\u0644\u0648\u0645\u0627\u062a \u062f\u0642\u064a\u0642\u0629 \u0648\u0645\u062d\u062f\u062b\u0629. \u0644\u0645 \u064a\u0639\u062f \u0645\u0646 \u0627\u0644\u0635\u0639\u0628 \u0625\u064a\u062c\u0627\u062f \u0635\u064a\u062f\u0644\u064a\u0629 \u0645\u0641\u062a\u0648\u062d\u0629 \u0644\u064a\u0644\u0627\u064b \u0623\u0648 \u062e\u0644\u0627\u0644 \u0627\u0644\u0639\u0637\u0644. \u0627\u062d\u0641\u0638 \u0631\u0627\u0628\u0637 \u0627\u0644\u0645\u0648\u0642\u0639 \u0623\u0648 \u0634\u0627\u0631\u0643\u0647 \u0645\u0639 \u0645\u0646 \u064a\u062d\u062a\u0627\u062c\u0647\u060c \u0641\u0627\u0644\u0635\u062d\u0629 \u0644\u0627 \u062a\u0646\u062a\u0638\u0631. \u0642\u0645 \u0628\u0632\u064a\u0627\u0631\u0629 \u0627\u0644\u0622\u0646 \u0644\u0645\u0639\u0631\u0641\u0629 \u0635\u064a\u062f\u0644\u064a\u0629 \u0627\u0644\u062d\u0631\u0627\u0633\u0629 \u0644\u0647\u0630\u0627 \u0627\u0644\u064a\u0648\u0645 \u0641\u064a \u0637\u0646\u062c\u0629.<\/p>\t\t\t\t\t\t\t\t<\/div>\n\t\t\t\t<\/div>\n\t\t\t\t\t<\/div>\n\t\t<\/div>\n\t\t\t\t\t<\/div>\n\t\t<\/section>\n\t\t\t\t<section class=\"elementor-section elementor-top-section elementor-element elementor-element-1151017 elementor-section-boxed elementor-section-height-default elementor-section-height-default\" data-id=\"1151017\" data-element_type=\"section\" data-e-type=\"section\">\n\t\t\t\t\t\t<div class=\"elementor-container elementor-column-gap-default\">\n\t\t\t\t\t<div class=\"elementor-column elementor-col-100 elementor-top-column elementor-element elementor-element-c10093b\" data-id=\"c10093b\" data-element_type=\"column\" data-e-type=\"column\">\n\t\t\t<div class=\"elementor-widget-wrap elementor-element-populated\">\n\t\t\t\t\t\t<div class=\"elementor-element elementor-element-b184c27 elementor-widget elementor-widget-heading\" data-id=\"b184c27\" data-element_type=\"widget\" data-e-type=\"widget\" data-widget_type=\"heading.default\">\n\t\t\t\t<div class=\"elementor-widget-container\">\n\t\t\t\t\t<h6 class=\"elementor-heading-title elementor-size-default\"><a href=\"https:\/\/pharmaciedegardetanger.site\/\">www.pharmaciedegardetanger.site<\/a><\/h6>\t\t\t\t<\/div>\n\t\t\t\t<\/div>\n\t\t\t\t\t<\/div>\n\t\t<\/div>\n\t\t\t\t\t<\/div>\n\t\t<\/section>\n\t\t\t\t<\/div>","protected":false},"excerpt":{"rendered":"<p>Pharmacie de garde Tanger Vous cherchez une pharmacie de garde \u00e0 Tanger ouverte la nuit, le dimanche ou les jours f\u00e9ri\u00e9s ? www.pharmaciedegardetanger.site vous aide \u00e0 trouver rapidement les pharmacies ouvertes en cas d\u2019urgence m\u00e9dicale. pharmacie de garde tanger mettons \u00e0 jour quotidiennement la liste des pharmacies de garde \u00e0 Tanger pour vous offrir une &hellip;<\/p>\n<p class=\"read-more\"> <a class=\"\" href=\"https:\/\/cabinetbouallal.com\/fr\/pharmacie-de-garde-tanger\/\"> <span class=\"screen-reader-text\">pharmacie de garde tanger<\/span> Lire la suite\u00a0\u00bb<\/a><\/p>","protected":false},"author":1,"featured_media":0,"parent":0,"menu_order":0,"comment_status":"closed","ping_status":"closed","template":"","meta":{"site-sidebar-layout":"no-sidebar","site-content-layout":"page-builder","ast-global-header-display":"","ast-main-header-display":"","ast-hfb-above-header-display":"","ast-hfb-below-header-display":"","ast-hfb-mobile-header-display":"","site-post-title":"disabled","ast-breadcrumbs-content":"","ast-featured-img":"disabled","footer-sml-layout":"","theme-transparent-header-meta":"","adv-header-id-meta":"","stick-header-meta":"","header-above-stick-meta":"","header-main-stick-meta":"","header-below-stick-meta":"","footnotes":""},"class_list":["post-1084","page","type-page","status-publish","hentry"],"yoast_head":"<!-- This site is optimized with the Yoast SEO plugin v21.8 - https:\/\/yoast.com\/wordpress\/plugins\/seo\/ -->\n<title>pharmacie de garde tanger<\/title>\n<meta name=\"description\" content=\"dentiste tanger\" \/>\n<meta name=\"robots\" content=\"index, follow, max-snippet:-1, max-image-preview:large, max-video-preview:-1\" \/>\n<link rel=\"canonical\" href=\"https:\/\/cabinetbouallal.com\/fr\/pharmacie-de-garde-tanger\/\" \/>\n<meta property=\"og:locale\" content=\"fr_FR\" \/>\n<meta property=\"og:type\" content=\"article\" \/>\n<meta property=\"og:title\" content=\"pharmacie de garde tanger\" \/>\n<meta property=\"og:description\" content=\"dentiste tanger\" \/>\n<meta property=\"og:url\" content=\"https:\/\/cabinetbouallal.com\/fr\/pharmacie-de-garde-tanger\/\" \/>\n<meta property=\"og:site_name\" content=\"dentiste tanger\" \/>\n<meta property=\"article:publisher\" content=\"https:\/\/web.facebook.com\/Dr.bouallalfadoua\" \/>\n<meta property=\"article:modified_time\" content=\"2025-04-17T21:45:58+00:00\" \/>\n<meta property=\"og:image\" content=\"http:\/\/cabinetbouallal.com\/wp-content\/uploads\/2025\/04\/pharmacie-de-garde-tanger.png\" \/>\n<meta name=\"twitter:card\" content=\"summary_large_image\" \/>\n<meta name=\"twitter:label1\" content=\"Dur\u00e9e de lecture estim\u00e9e\" \/>\n\t<meta name=\"twitter:data1\" content=\"2 minutes\" \/>\n<script type=\"application\/ld+json\" class=\"yoast-schema-graph\">{\"@context\":\"https:\/\/schema.org\",\"@graph\":[{\"@type\":\"WebPage\",\"@id\":\"https:\/\/cabinetbouallal.com\/pharmacie-de-garde-tanger\/\",\"url\":\"https:\/\/cabinetbouallal.com\/pharmacie-de-garde-tanger\/\",\"name\":\"pharmacie de garde tanger\",\"isPartOf\":{\"@id\":\"https:\/\/cabinetbouallal.com\/#website\"},\"datePublished\":\"2025-04-17T21:20:08+00:00\",\"dateModified\":\"2025-04-17T21:45:58+00:00\",\"description\":\"dentiste tanger\",\"breadcrumb\":{\"@id\":\"https:\/\/cabinetbouallal.com\/pharmacie-de-garde-tanger\/#breadcrumb\"},\"inLanguage\":\"fr-FR\",\"potentialAction\":[{\"@type\":\"ReadAction\",\"target\":[\"https:\/\/cabinetbouallal.com\/pharmacie-de-garde-tanger\/\"]}]},{\"@type\":\"BreadcrumbList\",\"@id\":\"https:\/\/cabinetbouallal.com\/pharmacie-de-garde-tanger\/#breadcrumb\",\"itemListElement\":[{\"@type\":\"ListItem\",\"position\":1,\"name\":\"Home\",\"item\":\"https:\/\/cabinetbouallal.com\/\"},{\"@type\":\"ListItem\",\"position\":2,\"name\":\"pharmacie de garde tanger\"}]},{\"@type\":\"WebSite\",\"@id\":\"https:\/\/cabinetbouallal.com\/#website\",\"url\":\"https:\/\/cabinetbouallal.com\/\",\"name\":\"cabinetbouallal\",\"description\":\"Cabinet de chirurgie dentaire Bouallal\",\"publisher\":{\"@id\":\"https:\/\/cabinetbouallal.com\/#organization\"},\"alternateName\":\"cabinetbouallal\",\"potentialAction\":[{\"@type\":\"SearchAction\",\"target\":{\"@type\":\"EntryPoint\",\"urlTemplate\":\"https:\/\/cabinetbouallal.com\/?s={search_term_string}\"},\"query-input\":\"required name=search_term_string\"}],\"inLanguage\":\"fr-FR\"},{\"@type\":\"Organization\",\"@id\":\"https:\/\/cabinetbouallal.com\/#organization\",\"name\":\"cabinet dentaire bouallal\",\"alternateName\":\"cabinet dentaire bouallal\",\"url\":\"https:\/\/cabinetbouallal.com\/\",\"logo\":{\"@type\":\"ImageObject\",\"inLanguage\":\"fr-FR\",\"@id\":\"https:\/\/cabinetbouallal.com\/#\/schema\/logo\/image\/\",\"url\":\"https:\/\/cabinetbouallal.com\/wp-content\/uploads\/2022\/05\/cropped-cropped-dr-bouallal-copie-2.png\",\"contentUrl\":\"https:\/\/cabinetbouallal.com\/wp-content\/uploads\/2022\/05\/cropped-cropped-dr-bouallal-copie-2.png\",\"width\":512,\"height\":417,\"caption\":\"cabinet dentaire bouallal\"},\"image\":{\"@id\":\"https:\/\/cabinetbouallal.com\/#\/schema\/logo\/image\/\"},\"sameAs\":[\"https:\/\/web.facebook.com\/Dr.bouallalfadoua\",\"https:\/\/www.instagram.com\/dr.fbouallal\/\"]}]}<\/script>\n<!-- \/ Yoast SEO plugin. -->","yoast_head_json":{"title":"pharmacie de garde tanger","description":"dentiste tanger","robots":{"index":"index","follow":"follow","max-snippet":"max-snippet:-1","max-image-preview":"max-image-preview:large","max-video-preview":"max-video-preview:-1"},"canonical":"https:\/\/cabinetbouallal.com\/fr\/pharmacie-de-garde-tanger\/","og_locale":"fr_FR","og_type":"article","og_title":"pharmacie de garde tanger","og_description":"dentiste tanger","og_url":"https:\/\/cabinetbouallal.com\/fr\/pharmacie-de-garde-tanger\/","og_site_name":"dentiste tanger","article_publisher":"https:\/\/web.facebook.com\/Dr.bouallalfadoua","article_modified_time":"2025-04-17T21:45:58+00:00","og_image":[{"url":"http:\/\/cabinetbouallal.com\/wp-content\/uploads\/2025\/04\/pharmacie-de-garde-tanger.png"}],"twitter_card":"summary_large_image","twitter_misc":{"Dur\u00e9e de lecture estim\u00e9e":"2 minutes"},"schema":{"@context":"https:\/\/schema.org","@graph":[{"@type":"WebPage","@id":"https:\/\/cabinetbouallal.com\/pharmacie-de-garde-tanger\/","url":"https:\/\/cabinetbouallal.com\/pharmacie-de-garde-tanger\/","name":"pharmacie de garde tanger","isPartOf":{"@id":"https:\/\/cabinetbouallal.com\/#website"},"datePublished":"2025-04-17T21:20:08+00:00","dateModified":"2025-04-17T21:45:58+00:00","description":"dentiste tanger","breadcrumb":{"@id":"https:\/\/cabinetbouallal.com\/pharmacie-de-garde-tanger\/#breadcrumb"},"inLanguage":"fr-FR","potentialAction":[{"@type":"ReadAction","target":["https:\/\/cabinetbouallal.com\/pharmacie-de-garde-tanger\/"]}]},{"@type":"BreadcrumbList","@id":"https:\/\/cabinetbouallal.com\/pharmacie-de-garde-tanger\/#breadcrumb","itemListElement":[{"@type":"ListItem","position":1,"name":"Home","item":"https:\/\/cabinetbouallal.com\/"},{"@type":"ListItem","position":2,"name":"pharmacie de garde tanger"}]},{"@type":"WebSite","@id":"https:\/\/cabinetbouallal.com\/#website","url":"https:\/\/cabinetbouallal.com\/","name":"cabinetbouallal","description":"Cabinet de chirurgie dentaire Bouallal","publisher":{"@id":"https:\/\/cabinetbouallal.com\/#organization"},"alternateName":"cabinetbouallal","potentialAction":[{"@type":"SearchAction","target":{"@type":"EntryPoint","urlTemplate":"https:\/\/cabinetbouallal.com\/?s={search_term_string}"},"query-input":"required name=search_term_string"}],"inLanguage":"fr-FR"},{"@type":"Organization","@id":"https:\/\/cabinetbouallal.com\/#organization","name":"cabinet dentaire bouallal","alternateName":"cabinet dentaire bouallal","url":"https:\/\/cabinetbouallal.com\/","logo":{"@type":"ImageObject","inLanguage":"fr-FR","@id":"https:\/\/cabinetbouallal.com\/#\/schema\/logo\/image\/","url":"https:\/\/cabinetbouallal.com\/wp-content\/uploads\/2022\/05\/cropped-cropped-dr-bouallal-copie-2.png","contentUrl":"https:\/\/cabinetbouallal.com\/wp-content\/uploads\/2022\/05\/cropped-cropped-dr-bouallal-copie-2.png","width":512,"height":417,"caption":"cabinet dentaire bouallal"},"image":{"@id":"https:\/\/cabinetbouallal.com\/#\/schema\/logo\/image\/"},"sameAs":["https:\/\/web.facebook.com\/Dr.bouallalfadoua","https:\/\/www.instagram.com\/dr.fbouallal\/"]}]}},"_links":{"self":[{"href":"https:\/\/cabinetbouallal.com\/fr\/wp-json\/wp\/v2\/pages\/1084","targetHints":{"allow":["GET"]}}],"collection":[{"href":"https:\/\/cabinetbouallal.com\/fr\/wp-json\/wp\/v2\/pages"}],"about":[{"href":"https:\/\/cabinetbouallal.com\/fr\/wp-json\/wp\/v2\/types\/page"}],"author":[{"embeddable":true,"href":"https:\/\/cabinetbouallal.com\/fr\/wp-json\/wp\/v2\/users\/1"}],"replies":[{"embeddable":true,"href":"https:\/\/cabinetbouallal.com\/fr\/wp-json\/wp\/v2\/comments?post=1084"}],"version-history":[{"count":4,"href":"https:\/\/cabinetbouallal.com\/fr\/wp-json\/wp\/v2\/pages\/1084\/revisions"}],"predecessor-version":[{"id":1090,"href":"https:\/\/cabinetbouallal.com\/fr\/wp-json\/wp\/v2\/pages\/1084\/revisions\/1090"}],"wp:attachment":[{"href":"https:\/\/cabinetbouallal.com\/fr\/wp-json\/wp\/v2\/media?parent=1084"}],"curies":[{"name":"wp","href":"https:\/\/api.w.org\/{rel}","templated":true}]}}